{"id":351,"date":"2017-01-14T18:11:18","date_gmt":"2017-01-14T23:11:18","guid":{"rendered":"http:\/\/orleans.patenaudemartialarts.com\/?page_id=351\/"},"modified":"2025-05-06T14:13:10","modified_gmt":"2025-05-06T19:13:10","slug":"passe-gratuite-belleville-ecole-arts-martiaux-kickboxing-mma","status":"publish","type":"page","link":"https:\/\/belleville.patenaudemartialarts.com\/fr\/belleville-arts-martiaux-kickboxing-mma\/passe-gratuite-belleville-ecole-arts-martiaux-kickboxing-mma\/","title":{"rendered":"Passe gratuite de 7 jours"},"content":{"rendered":"\n<style type=\"text\/css\" data-created_by=\"avia_inline_auto\" id=\"style-css-av-20di3z-8d626c9ef523364393beceb59422ee7d\">\n.avia-section.av-20di3z-8d626c9ef523364393beceb59422ee7d .av-section-color-overlay{\nopacity:1;\nbackground-image:url(https:\/\/belleville.patenaudemartialarts.com\/wp-content\/themes\/enfold\/images\/background-images\/wool-diagonal-for-light-background.png);\nbackground-repeat:repeat;\n}\n<\/style>\n<div id='av_section_1'  class='avia-section av-20di3z-8d626c9ef523364393beceb59422ee7d main_color avia-section-default avia-no-shadow  avia-builder-el-0  el_before_av_one_half  avia-builder-el-first  avia-bg-style-scroll av-section-color-overlay-active container_wrap sidebar_right'  ><div class=\"av-section-color-overlay-wrap\"><div class=\"av-section-color-overlay\"><\/div><div class='container av-section-cont-open' ><main  role=\"main\" itemprop=\"mainContentOfPage\"  class='template-page content  av-content-small alpha units'><div class='post-entry post-entry-type-page post-entry-351'><div class='entry-content-wrapper clearfix'>\n\n<style type=\"text\/css\" data-created_by=\"avia_inline_auto\" id=\"style-css-av-1y9qhj-7802c3972acb170c6a630cb01e0fdc01\">\n#top .av-special-heading.av-1y9qhj-7802c3972acb170c6a630cb01e0fdc01{\npadding-bottom:0;\n}\nbody .av-special-heading.av-1y9qhj-7802c3972acb170c6a630cb01e0fdc01 .av-special-heading-tag .heading-char{\nfont-size:25px;\n}\n.av-special-heading.av-1y9qhj-7802c3972acb170c6a630cb01e0fdc01 .av-subheading{\nfont-size:15px;\n}\n<\/style>\n<div  class='av-special-heading av-1y9qhj-7802c3972acb170c6a630cb01e0fdc01 av-special-heading-h1 blockquote modern-quote  avia-builder-el-1  avia-builder-el-no-sibling '><h1 class='av-special-heading-tag '  itemprop=\"headline\"  >R\u00c9CLAMEZ UNE PASSE GRATUITE DE 7 JOURS!<\/h1><div class=\"special-heading-border\"><div class=\"special-heading-inner-border\"><\/div><\/div><\/div>\n<\/div><\/div><\/main><!-- close content main element --><\/div><\/div><\/div><div id='after_section_1'  class='main_color av_default_container_wrap container_wrap sidebar_right'  ><div class='container av-section-cont-open' ><div class='template-page content  av-content-small alpha units'><div class='post-entry post-entry-type-page post-entry-351'><div class='entry-content-wrapper clearfix'>\n<div class='flex_column_table av-1qrmpz-7d6d8738d95c15fc5759076083042408 sc-av_one_half av-equal-height-column-flextable'>\n<style type=\"text\/css\" data-created_by=\"avia_inline_auto\" id=\"style-css-av-1qrmpz-7d6d8738d95c15fc5759076083042408\">\n.flex_column.av-1qrmpz-7d6d8738d95c15fc5759076083042408{\nborder-radius:0px 0px 0px 0px;\npadding:0px 0px 0px 0px;\n}\n<\/style>\n<div  class='flex_column av-1qrmpz-7d6d8738d95c15fc5759076083042408 av_one_half  avia-builder-el-2  el_after_av_section  el_before_av_one_half  avia-builder-el-first  first flex_column_table_cell av-equal-height-column av-align-middle av-zero-column-padding  '     ><section  class='av_textblock_section av-gfi93-fe4a6b251b818caa3190bd75bbe1eb6c '   itemscope=\"itemscope\" itemtype=\"https:\/\/schema.org\/CreativeWork\" ><div class='avia_textblock'  itemprop=\"text\" ><p>Essayez gratuitement nos incroyables programmes d&rsquo;arts martiaux\u00a0! Laissez-nous vous montrer pourquoi nous sommes\u00a0<strong>nous sommes l\u2019\u00e9cole de fitness et d\u2019arts martiaux #1!<\/strong><\/p>\n<p>Enfants, adolescents, adultes\u00a0: nous avons des cours pour tous\u00a0! Nous prenons les arts martiaux au s\u00e9rieux et nous vous aidons \u00e0 atteindre vos objectifs.<\/p>\n<p>Si vous h\u00e9sitez sur le domaine \u00e0 privil\u00e9gier, pourquoi ne pas essayer un peu de tout\u00a0?<\/p>\n<p>*Laissez-passer d&rsquo;entra\u00eenement valable une semaine pour participer aux cours r\u00e9guliers.<\/p>\n<\/div><\/section><\/div>\n<div class='av-flex-placeholder'><\/div>\n<style type=\"text\/css\" data-created_by=\"avia_inline_auto\" id=\"style-css-av-1hfc8n-631d9cdbe7469e034290be7ddd23ebcb\">\n.flex_column.av-1hfc8n-631d9cdbe7469e034290be7ddd23ebcb{\nborder-radius:0px 0px 0px 0px;\npadding:0px 0px 0px 0px;\n}\n<\/style>\n<div  class='flex_column av-1hfc8n-631d9cdbe7469e034290be7ddd23ebcb av_one_half  avia-builder-el-4  el_after_av_one_half  avia-builder-el-last  flex_column_table_cell av-equal-height-column av-align-middle av-zero-column-padding  '     ><section  class='av_textblock_section av-19sfmv-f8d67860ef91c488e9e73c35b9348f7f '   itemscope=\"itemscope\" itemtype=\"https:\/\/schema.org\/CreativeWork\" ><div class='avia_textblock'  itemprop=\"text\" ><h3 style=\"text-align: center;\">Formulaire de demande<\/h3>\n<\/div><\/section><br \/>\n\n<style type=\"text\/css\" data-created_by=\"avia_inline_auto\" id=\"style-css-av-macv0q2a-4a027b3b05ff2ad7764a7b84887022e2\">\n#top .hr.hr-invisible.av-macv0q2a-4a027b3b05ff2ad7764a7b84887022e2{\nheight:15px;\n}\n<\/style>\n<div  class='hr av-macv0q2a-4a027b3b05ff2ad7764a7b84887022e2 hr-invisible  avia-builder-el-6  el_after_av_textblock  el_before_av_button '><span class='hr-inner '><span class=\"hr-inner-style\"><\/span><\/span><\/div><br \/>\n<div  class='avia-button-wrap av-macvyyjz-56382351f9e8c62425d7346ccf0b5cbd-wrap avia-button-center  avia-builder-el-7  el_after_av_hr  el_before_av_hr '>\n<style type=\"text\/css\" data-created_by=\"avia_inline_auto\" id=\"style-css-av-macvyyjz-56382351f9e8c62425d7346ccf0b5cbd\">\n#top #wrap_all .avia-button.av-macvyyjz-56382351f9e8c62425d7346ccf0b5cbd{\nfont-size:20px;\nborder-radius:10px 10px 10px 10px;\nbox-shadow: 5px 5px 5px 0 rgba(2,2,2,0.32);\ntransition:all 0.4s ease-in-out;\npadding:15px 20px 15px 20px;\n}\n#top #wrap_all.avia-button.av-macvyyjz-56382351f9e8c62425d7346ccf0b5cbd:hover .avia_button_background{\nborder-radius:10px 10px 10px 10px;\n}\n<\/style>\n<a href='https:\/\/pmabelleville.fliipapp.com\/user\/register'  class='avia-button av-macvyyjz-56382351f9e8c62425d7346ccf0b5cbd av-link-btn avia-icon_select-no avia-size-small avia-position-center avia-color-theme-color'  target=\"_blank\"  rel=\"noopener noreferrer\"  aria-label=\"Cliquez ici pour demander un laissez-passer gratuit!\"><span class='avia_iconbox_title' >Cliquez ici pour demander un laissez-passer gratuit!<\/span><\/a><\/div><br \/>\n\n<style type=\"text\/css\" data-created_by=\"avia_inline_auto\" id=\"style-css-av-7ahcf-90e7ec5e189b315a650042b25c87e025\">\n#top .hr.hr-invisible.av-7ahcf-90e7ec5e189b315a650042b25c87e025{\nheight:15px;\n}\n<\/style>\n<div  class='hr av-7ahcf-90e7ec5e189b315a650042b25c87e025 hr-invisible  avia-builder-el-8  el_after_av_button  el_before_av_textblock '><span class='hr-inner '><span class=\"hr-inner-style\"><\/span><\/span><\/div><br \/>\n<section  class='av_textblock_section av-1jz1xr-3adc8a3c339c53681f7af2061b655bd9 '   itemscope=\"itemscope\" itemtype=\"https:\/\/schema.org\/CreativeWork\" ><div class='avia_textblock'  itemprop=\"text\" ><p style=\"text-align: center;\">Cliquez sur le bouton ci-dessus pour acc\u00e9der notre formulaire d&rsquo;inscription!<\/p>\n<\/div><\/section><\/p><\/div><\/div><!--close column table wrapper. Autoclose: 1 -->\n","protected":false},"excerpt":{"rendered":"","protected":false},"author":1,"featured_media":0,"parent":340,"menu_order":0,"comment_status":"closed","ping_status":"closed","template":"","meta":{"footnotes":""},"class_list":["post-351","page","type-page","status-publish","hentry"],"yoast_head":"<!-- This site is optimized with the Yoast SEO plugin v27.3 - https:\/\/yoast.com\/product\/yoast-seo-wordpress\/ -->\n<title>PASSE GRATUITE - PROMOTION - ARTS MARTIAUX BELLEVILLE MMA KICKBOXING BELLEVILLE RABAIS PROMOTIONEL<\/title>\n<meta name=\"description\" content=\"OBTENEZ VOTRE PASSE GRATUITE DE 7 JOURS - PROMOTION OFFERTE PAR PATENAUDE MARTIAL ARTS BELLEVILLE\" \/>\n<meta name=\"robots\" content=\"index, follow, max-snippet:-1, max-image-preview:large, max-video-preview:-1\" \/>\n<link rel=\"canonical\" href=\"https:\/\/belleville.patenaudemartialarts.com\/fr\/belleville-arts-martiaux-kickboxing-mma\/passe-gratuite-belleville-ecole-arts-martiaux-kickboxing-mma\/\" \/>\n<meta property=\"og:locale\" content=\"fr_FR\" \/>\n<meta property=\"og:type\" content=\"article\" \/>\n<meta property=\"og:title\" content=\"PASSE GRATUITE - PROMOTION - ARTS MARTIAUX BELLEVILLE MMA KICKBOXING BELLEVILLE RABAIS PROMOTIONEL\" \/>\n<meta property=\"og:description\" content=\"OBTENEZ VOTRE PASSE GRATUITE DE 7 JOURS - PROMOTION OFFERTE PAR PATENAUDE MARTIAL ARTS BELLEVILLE\" \/>\n<meta property=\"og:url\" content=\"https:\/\/belleville.patenaudemartialarts.com\/fr\/belleville-arts-martiaux-kickboxing-mma\/passe-gratuite-belleville-ecole-arts-martiaux-kickboxing-mma\/\" \/>\n<meta property=\"og:site_name\" content=\"Belleville Patenaude Martial Arts &amp; Fitness\" \/>\n<meta property=\"article:publisher\" content=\"https:\/\/www.facebook.com\/PatenaudeMartialArts\" \/>\n<meta property=\"article:modified_time\" content=\"2025-05-06T19:13:10+00:00\" \/>\n<meta name=\"twitter:card\" content=\"summary_large_image\" \/>\n<meta name=\"twitter:site\" content=\"@fangshendo\" \/>\n<meta name=\"twitter:label1\" content=\"Dur\u00e9e de lecture estim\u00e9e\" \/>\n\t<meta name=\"twitter:data1\" content=\"1 minute\" \/>\n<script type=\"application\/ld+json\" class=\"yoast-schema-graph\">{\"@context\":\"https:\\\/\\\/schema.org\",\"@graph\":[{\"@type\":\"WebPage\",\"@id\":\"https:\\\/\\\/belleville.patenaudemartialarts.com\\\/fr\\\/belleville-arts-martiaux-kickboxing-mma\\\/passe-gratuite-belleville-ecole-arts-martiaux-kickboxing-mma\\\/\",\"url\":\"https:\\\/\\\/belleville.patenaudemartialarts.com\\\/fr\\\/belleville-arts-martiaux-kickboxing-mma\\\/passe-gratuite-belleville-ecole-arts-martiaux-kickboxing-mma\\\/\",\"name\":\"PASSE GRATUITE - PROMOTION - ARTS MARTIAUX BELLEVILLE MMA KICKBOXING BELLEVILLE RABAIS PROMOTIONEL\",\"isPartOf\":{\"@id\":\"https:\\\/\\\/belleville.patenaudemartialarts.tempurl.host\\\/#website\"},\"datePublished\":\"2017-01-14T23:11:18+00:00\",\"dateModified\":\"2025-05-06T19:13:10+00:00\",\"description\":\"OBTENEZ VOTRE PASSE GRATUITE DE 7 JOURS - PROMOTION OFFERTE PAR PATENAUDE MARTIAL ARTS BELLEVILLE\",\"breadcrumb\":{\"@id\":\"https:\\\/\\\/belleville.patenaudemartialarts.com\\\/fr\\\/belleville-arts-martiaux-kickboxing-mma\\\/passe-gratuite-belleville-ecole-arts-martiaux-kickboxing-mma\\\/#breadcrumb\"},\"inLanguage\":\"fr-FR\",\"potentialAction\":[{\"@type\":\"ReadAction\",\"target\":[\"https:\\\/\\\/belleville.patenaudemartialarts.com\\\/fr\\\/belleville-arts-martiaux-kickboxing-mma\\\/passe-gratuite-belleville-ecole-arts-martiaux-kickboxing-mma\\\/\"]}]},{\"@type\":\"BreadcrumbList\",\"@id\":\"https:\\\/\\\/belleville.patenaudemartialarts.com\\\/fr\\\/belleville-arts-martiaux-kickboxing-mma\\\/passe-gratuite-belleville-ecole-arts-martiaux-kickboxing-mma\\\/#breadcrumb\",\"itemListElement\":[{\"@type\":\"ListItem\",\"position\":1,\"name\":\"Home\",\"item\":\"https:\\\/\\\/belleville.patenaudemartialarts.com\\\/\"},{\"@type\":\"ListItem\",\"position\":2,\"name\":\"Accueil\",\"item\":\"https:\\\/\\\/belleville.patenaudemartialarts.com\\\/fr\\\/\"},{\"@type\":\"ListItem\",\"position\":3,\"name\":\"Passe gratuite de 7 jours\"}]},{\"@type\":\"WebSite\",\"@id\":\"https:\\\/\\\/belleville.patenaudemartialarts.tempurl.host\\\/#website\",\"url\":\"https:\\\/\\\/belleville.patenaudemartialarts.tempurl.host\\\/\",\"name\":\"Belleville Patenaude Martial Arts &amp; Fitness\",\"description\":\"Belleville-arts-martiaux-kickboxing-mma\",\"potentialAction\":[{\"@type\":\"SearchAction\",\"target\":{\"@type\":\"EntryPoint\",\"urlTemplate\":\"https:\\\/\\\/belleville.patenaudemartialarts.tempurl.host\\\/?s={search_term_string}\"},\"query-input\":{\"@type\":\"PropertyValueSpecification\",\"valueRequired\":true,\"valueName\":\"search_term_string\"}}],\"inLanguage\":\"fr-FR\"}]}<\/script>\n<!-- \/ Yoast SEO plugin. -->","yoast_head_json":{"title":"PASSE GRATUITE - PROMOTION - ARTS MARTIAUX BELLEVILLE MMA KICKBOXING BELLEVILLE RABAIS PROMOTIONEL","description":"OBTENEZ VOTRE PASSE GRATUITE DE 7 JOURS - PROMOTION OFFERTE PAR PATENAUDE MARTIAL ARTS BELLEVILLE","robots":{"index":"index","follow":"follow","max-snippet":"max-snippet:-1","max-image-preview":"max-image-preview:large","max-video-preview":"max-video-preview:-1"},"canonical":"https:\/\/belleville.patenaudemartialarts.com\/fr\/belleville-arts-martiaux-kickboxing-mma\/passe-gratuite-belleville-ecole-arts-martiaux-kickboxing-mma\/","og_locale":"fr_FR","og_type":"article","og_title":"PASSE GRATUITE - PROMOTION - ARTS MARTIAUX BELLEVILLE MMA KICKBOXING BELLEVILLE RABAIS PROMOTIONEL","og_description":"OBTENEZ VOTRE PASSE GRATUITE DE 7 JOURS - PROMOTION OFFERTE PAR PATENAUDE MARTIAL ARTS BELLEVILLE","og_url":"https:\/\/belleville.patenaudemartialarts.com\/fr\/belleville-arts-martiaux-kickboxing-mma\/passe-gratuite-belleville-ecole-arts-martiaux-kickboxing-mma\/","og_site_name":"Belleville Patenaude Martial Arts &amp; Fitness","article_publisher":"https:\/\/www.facebook.com\/PatenaudeMartialArts","article_modified_time":"2025-05-06T19:13:10+00:00","twitter_card":"summary_large_image","twitter_site":"@fangshendo","twitter_misc":{"Dur\u00e9e de lecture estim\u00e9e":"1 minute"},"schema":{"@context":"https:\/\/schema.org","@graph":[{"@type":"WebPage","@id":"https:\/\/belleville.patenaudemartialarts.com\/fr\/belleville-arts-martiaux-kickboxing-mma\/passe-gratuite-belleville-ecole-arts-martiaux-kickboxing-mma\/","url":"https:\/\/belleville.patenaudemartialarts.com\/fr\/belleville-arts-martiaux-kickboxing-mma\/passe-gratuite-belleville-ecole-arts-martiaux-kickboxing-mma\/","name":"PASSE GRATUITE - PROMOTION - ARTS MARTIAUX BELLEVILLE MMA KICKBOXING BELLEVILLE RABAIS PROMOTIONEL","isPartOf":{"@id":"https:\/\/belleville.patenaudemartialarts.tempurl.host\/#website"},"datePublished":"2017-01-14T23:11:18+00:00","dateModified":"2025-05-06T19:13:10+00:00","description":"OBTENEZ VOTRE PASSE GRATUITE DE 7 JOURS - PROMOTION OFFERTE PAR PATENAUDE MARTIAL ARTS BELLEVILLE","breadcrumb":{"@id":"https:\/\/belleville.patenaudemartialarts.com\/fr\/belleville-arts-martiaux-kickboxing-mma\/passe-gratuite-belleville-ecole-arts-martiaux-kickboxing-mma\/#breadcrumb"},"inLanguage":"fr-FR","potentialAction":[{"@type":"ReadAction","target":["https:\/\/belleville.patenaudemartialarts.com\/fr\/belleville-arts-martiaux-kickboxing-mma\/passe-gratuite-belleville-ecole-arts-martiaux-kickboxing-mma\/"]}]},{"@type":"BreadcrumbList","@id":"https:\/\/belleville.patenaudemartialarts.com\/fr\/belleville-arts-martiaux-kickboxing-mma\/passe-gratuite-belleville-ecole-arts-martiaux-kickboxing-mma\/#breadcrumb","itemListElement":[{"@type":"ListItem","position":1,"name":"Home","item":"https:\/\/belleville.patenaudemartialarts.com\/"},{"@type":"ListItem","position":2,"name":"Accueil","item":"https:\/\/belleville.patenaudemartialarts.com\/fr\/"},{"@type":"ListItem","position":3,"name":"Passe gratuite de 7 jours"}]},{"@type":"WebSite","@id":"https:\/\/belleville.patenaudemartialarts.tempurl.host\/#website","url":"https:\/\/belleville.patenaudemartialarts.tempurl.host\/","name":"Belleville Patenaude Martial Arts &amp; Fitness","description":"Belleville-arts-martiaux-kickboxing-mma","potentialAction":[{"@type":"SearchAction","target":{"@type":"EntryPoint","urlTemplate":"https:\/\/belleville.patenaudemartialarts.tempurl.host\/?s={search_term_string}"},"query-input":{"@type":"PropertyValueSpecification","valueRequired":true,"valueName":"search_term_string"}}],"inLanguage":"fr-FR"}]}},"_links":{"self":[{"href":"https:\/\/belleville.patenaudemartialarts.com\/fr\/wp-json\/wp\/v2\/pages\/351","targetHints":{"allow":["GET"]}}],"collection":[{"href":"https:\/\/belleville.patenaudemartialarts.com\/fr\/wp-json\/wp\/v2\/pages"}],"about":[{"href":"https:\/\/belleville.patenaudemartialarts.com\/fr\/wp-json\/wp\/v2\/types\/page"}],"author":[{"embeddable":true,"href":"https:\/\/belleville.patenaudemartialarts.com\/fr\/wp-json\/wp\/v2\/users\/1"}],"replies":[{"embeddable":true,"href":"https:\/\/belleville.patenaudemartialarts.com\/fr\/wp-json\/wp\/v2\/comments?post=351"}],"version-history":[{"count":0,"href":"https:\/\/belleville.patenaudemartialarts.com\/fr\/wp-json\/wp\/v2\/pages\/351\/revisions"}],"up":[{"embeddable":true,"href":"https:\/\/belleville.patenaudemartialarts.com\/fr\/wp-json\/wp\/v2\/pages\/340"}],"wp:attachment":[{"href":"https:\/\/belleville.patenaudemartialarts.com\/fr\/wp-json\/wp\/v2\/media?parent=351"}],"curies":[{"name":"wp","href":"https:\/\/api.w.org\/{rel}","templated":true}]}}