{"id":352,"date":"2017-01-14T18:17:40","date_gmt":"2017-01-14T23:17:40","guid":{"rendered":"http:\/\/orleans.patenaudemartialarts.com\/?page_id=352\/"},"modified":"2024-02-28T18:26:14","modified_gmt":"2024-02-28T23:26:14","slug":"contact-belleville-ecole-arts-martiaux-kickboxing-mma","status":"publish","type":"page","link":"https:\/\/belleville.patenaudemartialarts.com\/fr\/belleville-arts-martiaux-kickboxing-mma\/contact-belleville-ecole-arts-martiaux-kickboxing-mma\/","title":{"rendered":"Contactez Nous"},"content":{"rendered":"\n<style type=\"text\/css\" data-created_by=\"avia_inline_auto\" id=\"style-css-av-46j8v4-6dfda039248afe72c8a845d4df5f9217\">\n.avia-section.av-46j8v4-6dfda039248afe72c8a845d4df5f9217 .av-section-color-overlay{\nopacity:1;\nbackground-image:url(https:\/\/belleville.patenaudemartialarts.com\/wp-content\/themes\/enfold\/images\/background-images\/wool-diagonal-for-light-background.png);\nbackground-repeat:repeat;\n}\n<\/style>\n<div id='av_section_1'  class='avia-section av-46j8v4-6dfda039248afe72c8a845d4df5f9217 main_color avia-section-default avia-no-shadow  avia-builder-el-0  el_before_av_two_third  avia-builder-el-first  avia-bg-style-scroll av-section-color-overlay-active container_wrap sidebar_right'  ><div class=\"av-section-color-overlay-wrap\"><div class=\"av-section-color-overlay\"><\/div><div class='container av-section-cont-open' ><main  role=\"main\" itemprop=\"mainContentOfPage\"  class='template-page content  av-content-small alpha units'><div class='post-entry post-entry-type-page post-entry-352'><div class='entry-content-wrapper clearfix'>\n\n<style type=\"text\/css\" data-created_by=\"avia_inline_auto\" id=\"style-css-av-44ed48-5bf97c09d0583c5ef9dbed0deb4f0f19\">\n#top .av-special-heading.av-44ed48-5bf97c09d0583c5ef9dbed0deb4f0f19{\npadding-bottom:0;\n}\nbody .av-special-heading.av-44ed48-5bf97c09d0583c5ef9dbed0deb4f0f19 .av-special-heading-tag .heading-char{\nfont-size:25px;\n}\n.av-special-heading.av-44ed48-5bf97c09d0583c5ef9dbed0deb4f0f19 .av-subheading{\nfont-size:15px;\n}\n<\/style>\n<div  class='av-special-heading av-44ed48-5bf97c09d0583c5ef9dbed0deb4f0f19 av-special-heading-h1 blockquote modern-quote  avia-builder-el-1  avia-builder-el-no-sibling '><h1 class='av-special-heading-tag '  itemprop=\"headline\"  >CONTACTER LES ARTS MARTIAUX PATENAUDE BELLEVILLE<\/h1><div class=\"special-heading-border\"><div class=\"special-heading-inner-border\"><\/div><\/div><\/div>\n<\/div><\/div><\/main><!-- close content main element --><\/div><\/div><\/div><div id='after_section_1'  class='main_color av_default_container_wrap container_wrap sidebar_right'  ><div class='container av-section-cont-open' ><div class='template-page content  av-content-small alpha units'><div class='post-entry post-entry-type-page post-entry-352'><div class='entry-content-wrapper clearfix'>\n\n<style type=\"text\/css\" data-created_by=\"avia_inline_auto\" id=\"style-css-av-dzitc-f10f8abc347fcf09c3502a11ab1d7b70\">\n.flex_column.av-dzitc-f10f8abc347fcf09c3502a11ab1d7b70{\nborder-radius:0px 0px 0px 0px;\npadding:0px 0px 0px 0px;\n}\n<\/style>\n<div  class='flex_column av-dzitc-f10f8abc347fcf09c3502a11ab1d7b70 av_two_third  avia-builder-el-2  el_after_av_section  el_before_av_one_third  avia-builder-el-first  first flex_column_div av-zero-column-padding  '     ><p><section  class='av_textblock_section av-3qv14w-b25f3defc1df2d43cf1cc69c05a51684 '   itemscope=\"itemscope\" itemtype=\"https:\/\/schema.org\/CreativeWork\" ><div class='avia_textblock'  itemprop=\"text\" ><p><span style=\"font-weight: 400;\">N\u2019h\u00e9sitez pas de nous contacter par t\u00e9l\u00e9phone, en personne ou avec le formulaire ci-dessous pour envoyer un courriel directement \u00e0 notre \u00e9quipe. Posez-nous des questions, il nous fera plaisir de prendre le temps de vous r\u00e9pondre!<\/span><\/p>\n<\/div><\/section><br \/>\n<\/p><\/div>\n<style type=\"text\/css\" data-created_by=\"avia_inline_auto\" id=\"style-css-av-a2lig-f3feb338fb765d47561404fc3cdbbc10\">\n.flex_column.av-a2lig-f3feb338fb765d47561404fc3cdbbc10{\nborder-radius:0px 0px 0px 0px;\npadding:10px 10px 10px 10px;\n}\n<\/style>\n<div  class='flex_column av-a2lig-f3feb338fb765d47561404fc3cdbbc10 av_one_third  avia-builder-el-5  el_after_av_two_third  el_before_av_google_map  avia-builder-el-last  flex_column_div  '     ><section  class='av_textblock_section av-2iojf4-070b197aa919837de6771673e2b7402f '   itemscope=\"itemscope\" itemtype=\"https:\/\/schema.org\/CreativeWork\" ><div class='avia_textblock'  itemprop=\"text\" ><h2 style=\"text-align: center;\">Coordonn\u00e9es<\/h2>\n<\/div><\/section><br \/>\n<section  class='av_textblock_section av-jkszt7xf-251d62ecce451af4fa3da8fa2256ed9e '   itemscope=\"itemscope\" itemtype=\"https:\/\/schema.org\/CreativeWork\" ><div class='avia_textblock'  itemprop=\"text\" ><p style=\"text-align: center; color: #999999;\"><span style=\"color: #000000;\">Arts Martiaux Patenaude\u00a0Belleville<\/span><\/p>\n<p style=\"text-align: center; color: #999999;\"><span style=\"color: #000000;\">Adresse:<\/span><br \/>\n200 Dundas street East, unit 101<br \/>\nBelleville Ontario K8N 1E3<\/p>\n<p style=\"text-align: center; color: #999999;\"><span style=\"color: #000000;\">T\u00e9l\u00e9phone:<\/span><br \/>\n(613) 707-2007<\/p>\n<\/div><\/section><br \/>\n\n<style type=\"text\/css\" data-created_by=\"avia_inline_auto\" id=\"style-css-av-2g72qo-3e1f0e73a74adc0f384e9ab15ea81304\">\n#top .hr.av-2g72qo-3e1f0e73a74adc0f384e9ab15ea81304{\nmargin-top:20px;\nmargin-bottom:20px;\n}\n.hr.av-2g72qo-3e1f0e73a74adc0f384e9ab15ea81304 .hr-inner{\nwidth:25%;\nborder-color:#eeeeee;\n}\n<\/style>\n<div  class='hr av-2g72qo-3e1f0e73a74adc0f384e9ab15ea81304 hr-custom  avia-builder-el-8  el_after_av_textblock  el_before_av_textblock  hr-center hr-icon-no'><span class='hr-inner inner-border-av-border-fat'><span class=\"hr-inner-style\"><\/span><\/span><\/div><br \/>\n<section  class='av_textblock_section av-299uio-4bb3624f567401d6dd7e91d7a8f8f0b9 '   itemscope=\"itemscope\" itemtype=\"https:\/\/schema.org\/CreativeWork\" ><div class='avia_textblock'  itemprop=\"text\" ><h2 style=\"text-align: center;\">Heures\u00a0d&rsquo;ouverture<\/h2>\n<\/div><\/section><br \/>\n<div class='avia-data-table-wrap av-24gmeo-a1b5a8d0f93824504edfde96f38132d7 avia_responsive_table avia-table-1'><table  class='avia-table avia-data-table avia_pricing_default  avia-builder-el-10  el_after_av_textblock  avia-builder-el-last '  itemscope=\"itemscope\" itemtype=\"https:\/\/schema.org\/Table\" ><tbody><tr class=''><td class='avia-center-col'>Lundi-Vendredi<\/td><td class='avia-center-col'>9am &#8211; 9pm<\/td><\/tr><tr class=''><td class='avia-center-col'>Samedi<\/td><td class='avia-center-col'>9am &#8211; 4pm<\/td><\/tr><tr class=''><td class='avia-center-col'>Dimanche<\/td><td class='avia-center-col'>Ferm\u00e9s<\/td><\/tr><\/tbody><\/table><\/div><\/p><\/div><\/p>\n<div  class='av_gmaps_sc_main_wrap av_gmaps_main_wrap '><div id='av_gmap_0' class='avia-google-map-container avia-google-map-sc av_gmaps_show_unconditionally av-no-fallback-img ' data-mapid='av_gmap_0'  style='height: 400px;'><a class=\"av_gmaps_browser_disabled av_text_confirm_link av_text_confirm_link_visible\" href=\"https:\/\/www.google.com\/maps\/search\/?api=1&#038;query=344%20Front%20St%20%20Belleville%20%20Canada\" target=\"_blank\">Les cartes ont \u00e9t\u00e9 d\u00e9sactiv\u00e9es par le visiteur sur ce site. Cliquer pour ouvrir la carte dans une nouvelle fen\u00eatre.<\/a><\/div><\/div>\n","protected":false},"excerpt":{"rendered":"","protected":false},"author":1,"featured_media":0,"parent":340,"menu_order":0,"comment_status":"closed","ping_status":"closed","template":"","meta":{"footnotes":""},"class_list":["post-352","page","type-page","status-publish","hentry"],"yoast_head":"<!-- This site is optimized with the Yoast SEO plugin v27.3 - https:\/\/yoast.com\/product\/yoast-seo-wordpress\/ -->\n<title>CONTACTER ARTS MARTIAUX BELLEVILLE POUR RENSEIGNEMENTS SUR LE PROGRAMME DE CLASSES MMA KICKBOXING ARTS MARTIAUX<\/title>\n<meta name=\"description\" content=\"CONTACTER PATENAUDE MARTIAL ARTS -MMA KICKBOXING A BELLEVILLE\" \/>\n<meta name=\"robots\" content=\"index, follow, max-snippet:-1, max-image-preview:large, max-video-preview:-1\" \/>\n<link rel=\"canonical\" href=\"https:\/\/belleville.patenaudemartialarts.com\/fr\/belleville-arts-martiaux-kickboxing-mma\/contact-belleville-ecole-arts-martiaux-kickboxing-mma\/\" \/>\n<meta property=\"og:locale\" content=\"fr_FR\" \/>\n<meta property=\"og:type\" content=\"article\" \/>\n<meta property=\"og:title\" content=\"CONTACTER ARTS MARTIAUX BELLEVILLE POUR RENSEIGNEMENTS SUR LE PROGRAMME DE CLASSES MMA KICKBOXING ARTS MARTIAUX\" \/>\n<meta property=\"og:description\" content=\"CONTACTER PATENAUDE MARTIAL ARTS -MMA KICKBOXING A BELLEVILLE\" \/>\n<meta property=\"og:url\" content=\"https:\/\/belleville.patenaudemartialarts.com\/fr\/belleville-arts-martiaux-kickboxing-mma\/contact-belleville-ecole-arts-martiaux-kickboxing-mma\/\" \/>\n<meta property=\"og:site_name\" content=\"Belleville Patenaude Martial Arts &amp; Fitness\" \/>\n<meta property=\"article:publisher\" content=\"https:\/\/www.facebook.com\/PatenaudeMartialArts\" \/>\n<meta property=\"article:modified_time\" content=\"2024-02-28T23:26:14+00:00\" \/>\n<meta name=\"twitter:card\" content=\"summary_large_image\" \/>\n<meta name=\"twitter:site\" content=\"@fangshendo\" \/>\n<meta name=\"twitter:label1\" content=\"Dur\u00e9e de lecture estim\u00e9e\" \/>\n\t<meta name=\"twitter:data1\" content=\"1 minute\" \/>\n<script type=\"application\/ld+json\" class=\"yoast-schema-graph\">{\"@context\":\"https:\\\/\\\/schema.org\",\"@graph\":[{\"@type\":\"WebPage\",\"@id\":\"https:\\\/\\\/belleville.patenaudemartialarts.com\\\/fr\\\/belleville-arts-martiaux-kickboxing-mma\\\/contact-belleville-ecole-arts-martiaux-kickboxing-mma\\\/\",\"url\":\"https:\\\/\\\/belleville.patenaudemartialarts.com\\\/fr\\\/belleville-arts-martiaux-kickboxing-mma\\\/contact-belleville-ecole-arts-martiaux-kickboxing-mma\\\/\",\"name\":\"CONTACTER ARTS MARTIAUX BELLEVILLE POUR RENSEIGNEMENTS SUR LE PROGRAMME DE CLASSES MMA KICKBOXING ARTS MARTIAUX\",\"isPartOf\":{\"@id\":\"https:\\\/\\\/belleville.patenaudemartialarts.tempurl.host\\\/#website\"},\"datePublished\":\"2017-01-14T23:17:40+00:00\",\"dateModified\":\"2024-02-28T23:26:14+00:00\",\"description\":\"CONTACTER PATENAUDE MARTIAL ARTS -MMA KICKBOXING A BELLEVILLE\",\"breadcrumb\":{\"@id\":\"https:\\\/\\\/belleville.patenaudemartialarts.com\\\/fr\\\/belleville-arts-martiaux-kickboxing-mma\\\/contact-belleville-ecole-arts-martiaux-kickboxing-mma\\\/#breadcrumb\"},\"inLanguage\":\"fr-FR\",\"potentialAction\":[{\"@type\":\"ReadAction\",\"target\":[\"https:\\\/\\\/belleville.patenaudemartialarts.com\\\/fr\\\/belleville-arts-martiaux-kickboxing-mma\\\/contact-belleville-ecole-arts-martiaux-kickboxing-mma\\\/\"]}]},{\"@type\":\"BreadcrumbList\",\"@id\":\"https:\\\/\\\/belleville.patenaudemartialarts.com\\\/fr\\\/belleville-arts-martiaux-kickboxing-mma\\\/contact-belleville-ecole-arts-martiaux-kickboxing-mma\\\/#breadcrumb\",\"itemListElement\":[{\"@type\":\"ListItem\",\"position\":1,\"name\":\"Home\",\"item\":\"https:\\\/\\\/belleville.patenaudemartialarts.com\\\/\"},{\"@type\":\"ListItem\",\"position\":2,\"name\":\"Accueil\",\"item\":\"https:\\\/\\\/belleville.patenaudemartialarts.com\\\/fr\\\/\"},{\"@type\":\"ListItem\",\"position\":3,\"name\":\"Contactez Nous\"}]},{\"@type\":\"WebSite\",\"@id\":\"https:\\\/\\\/belleville.patenaudemartialarts.tempurl.host\\\/#website\",\"url\":\"https:\\\/\\\/belleville.patenaudemartialarts.tempurl.host\\\/\",\"name\":\"Belleville Patenaude Martial Arts &amp; Fitness\",\"description\":\"Belleville-arts-martiaux-kickboxing-mma\",\"potentialAction\":[{\"@type\":\"SearchAction\",\"target\":{\"@type\":\"EntryPoint\",\"urlTemplate\":\"https:\\\/\\\/belleville.patenaudemartialarts.tempurl.host\\\/?s={search_term_string}\"},\"query-input\":{\"@type\":\"PropertyValueSpecification\",\"valueRequired\":true,\"valueName\":\"search_term_string\"}}],\"inLanguage\":\"fr-FR\"}]}<\/script>\n<!-- \/ Yoast SEO plugin. -->","yoast_head_json":{"title":"CONTACTER ARTS MARTIAUX BELLEVILLE POUR RENSEIGNEMENTS SUR LE PROGRAMME DE CLASSES MMA KICKBOXING ARTS MARTIAUX","description":"CONTACTER PATENAUDE MARTIAL ARTS -MMA KICKBOXING A BELLEVILLE","robots":{"index":"index","follow":"follow","max-snippet":"max-snippet:-1","max-image-preview":"max-image-preview:large","max-video-preview":"max-video-preview:-1"},"canonical":"https:\/\/belleville.patenaudemartialarts.com\/fr\/belleville-arts-martiaux-kickboxing-mma\/contact-belleville-ecole-arts-martiaux-kickboxing-mma\/","og_locale":"fr_FR","og_type":"article","og_title":"CONTACTER ARTS MARTIAUX BELLEVILLE POUR RENSEIGNEMENTS SUR LE PROGRAMME DE CLASSES MMA KICKBOXING ARTS MARTIAUX","og_description":"CONTACTER PATENAUDE MARTIAL ARTS -MMA KICKBOXING A BELLEVILLE","og_url":"https:\/\/belleville.patenaudemartialarts.com\/fr\/belleville-arts-martiaux-kickboxing-mma\/contact-belleville-ecole-arts-martiaux-kickboxing-mma\/","og_site_name":"Belleville Patenaude Martial Arts &amp; Fitness","article_publisher":"https:\/\/www.facebook.com\/PatenaudeMartialArts","article_modified_time":"2024-02-28T23:26:14+00:00","twitter_card":"summary_large_image","twitter_site":"@fangshendo","twitter_misc":{"Dur\u00e9e de lecture estim\u00e9e":"1 minute"},"schema":{"@context":"https:\/\/schema.org","@graph":[{"@type":"WebPage","@id":"https:\/\/belleville.patenaudemartialarts.com\/fr\/belleville-arts-martiaux-kickboxing-mma\/contact-belleville-ecole-arts-martiaux-kickboxing-mma\/","url":"https:\/\/belleville.patenaudemartialarts.com\/fr\/belleville-arts-martiaux-kickboxing-mma\/contact-belleville-ecole-arts-martiaux-kickboxing-mma\/","name":"CONTACTER ARTS MARTIAUX BELLEVILLE POUR RENSEIGNEMENTS SUR LE PROGRAMME DE CLASSES MMA KICKBOXING ARTS MARTIAUX","isPartOf":{"@id":"https:\/\/belleville.patenaudemartialarts.tempurl.host\/#website"},"datePublished":"2017-01-14T23:17:40+00:00","dateModified":"2024-02-28T23:26:14+00:00","description":"CONTACTER PATENAUDE MARTIAL ARTS -MMA KICKBOXING A BELLEVILLE","breadcrumb":{"@id":"https:\/\/belleville.patenaudemartialarts.com\/fr\/belleville-arts-martiaux-kickboxing-mma\/contact-belleville-ecole-arts-martiaux-kickboxing-mma\/#breadcrumb"},"inLanguage":"fr-FR","potentialAction":[{"@type":"ReadAction","target":["https:\/\/belleville.patenaudemartialarts.com\/fr\/belleville-arts-martiaux-kickboxing-mma\/contact-belleville-ecole-arts-martiaux-kickboxing-mma\/"]}]},{"@type":"BreadcrumbList","@id":"https:\/\/belleville.patenaudemartialarts.com\/fr\/belleville-arts-martiaux-kickboxing-mma\/contact-belleville-ecole-arts-martiaux-kickboxing-mma\/#breadcrumb","itemListElement":[{"@type":"ListItem","position":1,"name":"Home","item":"https:\/\/belleville.patenaudemartialarts.com\/"},{"@type":"ListItem","position":2,"name":"Accueil","item":"https:\/\/belleville.patenaudemartialarts.com\/fr\/"},{"@type":"ListItem","position":3,"name":"Contactez Nous"}]},{"@type":"WebSite","@id":"https:\/\/belleville.patenaudemartialarts.tempurl.host\/#website","url":"https:\/\/belleville.patenaudemartialarts.tempurl.host\/","name":"Belleville Patenaude Martial Arts &amp; Fitness","description":"Belleville-arts-martiaux-kickboxing-mma","potentialAction":[{"@type":"SearchAction","target":{"@type":"EntryPoint","urlTemplate":"https:\/\/belleville.patenaudemartialarts.tempurl.host\/?s={search_term_string}"},"query-input":{"@type":"PropertyValueSpecification","valueRequired":true,"valueName":"search_term_string"}}],"inLanguage":"fr-FR"}]}},"_links":{"self":[{"href":"https:\/\/belleville.patenaudemartialarts.com\/fr\/wp-json\/wp\/v2\/pages\/352","targetHints":{"allow":["GET"]}}],"collection":[{"href":"https:\/\/belleville.patenaudemartialarts.com\/fr\/wp-json\/wp\/v2\/pages"}],"about":[{"href":"https:\/\/belleville.patenaudemartialarts.com\/fr\/wp-json\/wp\/v2\/types\/page"}],"author":[{"embeddable":true,"href":"https:\/\/belleville.patenaudemartialarts.com\/fr\/wp-json\/wp\/v2\/users\/1"}],"replies":[{"embeddable":true,"href":"https:\/\/belleville.patenaudemartialarts.com\/fr\/wp-json\/wp\/v2\/comments?post=352"}],"version-history":[{"count":0,"href":"https:\/\/belleville.patenaudemartialarts.com\/fr\/wp-json\/wp\/v2\/pages\/352\/revisions"}],"up":[{"embeddable":true,"href":"https:\/\/belleville.patenaudemartialarts.com\/fr\/wp-json\/wp\/v2\/pages\/340"}],"wp:attachment":[{"href":"https:\/\/belleville.patenaudemartialarts.com\/fr\/wp-json\/wp\/v2\/media?parent=352"}],"curies":[{"name":"wp","href":"https:\/\/api.w.org\/{rel}","templated":true}]}}